{"id":90,"date":"2024-02-29T22:08:49","date_gmt":"2024-02-29T22:08:49","guid":{"rendered":"https:\/\/mfmetalurgica.pt\/canal-de-denuncias\/?page_id=90"},"modified":"2024-03-01T13:58:10","modified_gmt":"2024-03-01T13:58:10","slug":"home","status":"publish","type":"page","link":"https:\/\/mfmetalurgica.pt\/canal-de-denuncias\/","title":{"rendered":"Home"},"content":{"rendered":"\t\t<div data-elementor-type=\"wp-page\" data-elementor-id=\"90\" class=\"elementor elementor-90\" data-elementor-post-type=\"page\">\n\t\t\t\t<div class=\"elementor-element elementor-element-707fa5d e-flex e-con-boxed e-con e-parent\" data-id=\"707fa5d\" data-element_type=\"container\" data-settings=\"{&quot;background_background&quot;:&quot;classic&quot;,&quot;content_width&quot;:&quot;boxed&quot;}\" data-core-v316-plus=\"true\">\n\t\t\t\t\t<div class=\"e-con-inner\">\n\t\t\t\t<div class=\"elementor-element elementor-element-06792b9 elementor-widget elementor-widget-heading\" data-id=\"06792b9\" data-element_type=\"widget\" data-widget_type=\"heading.default\">\n\t\t\t\t<div class=\"elementor-widget-container\">\n\t\t\t<style>\/*! elementor - v3.19.0 - 28-02-2024 *\/\n.elementor-heading-title{padding:0;margin:0;line-height:1}.elementor-widget-heading .elementor-heading-title[class*=elementor-size-]>a{color:inherit;font-size:inherit;line-height:inherit}.elementor-widget-heading .elementor-heading-title.elementor-size-small{font-size:15px}.elementor-widget-heading .elementor-heading-title.elementor-size-medium{font-size:19px}.elementor-widget-heading .elementor-heading-title.elementor-size-large{font-size:29px}.elementor-widget-heading .elementor-heading-title.elementor-size-xl{font-size:39px}.elementor-widget-heading .elementor-heading-title.elementor-size-xxl{font-size:59px}<\/style><h2 class=\"elementor-heading-title elementor-size-default\">Canal de Den\u00fancias<\/h2>\t\t<\/div>\n\t\t\t\t<\/div>\n\t\t\t\t<div class=\"elementor-element elementor-element-ab64269 elementor-widget elementor-widget-text-editor\" data-id=\"ab64269\" data-element_type=\"widget\" data-widget_type=\"text-editor.default\">\n\t\t\t\t<div class=\"elementor-widget-container\">\n\t\t\t<style>\/*! elementor - v3.19.0 - 28-02-2024 *\/\n.elementor-widget-text-editor.elementor-drop-cap-view-stacked .elementor-drop-cap{background-color:#69727d;color:#fff}.elementor-widget-text-editor.elementor-drop-cap-view-framed .elementor-drop-cap{color:#69727d;border:3px solid;background-color:transparent}.elementor-widget-text-editor:not(.elementor-drop-cap-view-default) .elementor-drop-cap{margin-top:8px}.elementor-widget-text-editor:not(.elementor-drop-cap-view-default) .elementor-drop-cap-letter{width:1em;height:1em}.elementor-widget-text-editor .elementor-drop-cap{float:left;text-align:center;line-height:1;font-size:50px}.elementor-widget-text-editor .elementor-drop-cap-letter{display:inline-block}<\/style>\t\t\t\t<p>Submeter e consultar den\u00fancias<\/p>\t\t\t\t\t\t<\/div>\n\t\t\t\t<\/div>\n\t\t\t\t\t<\/div>\n\t\t\t\t<\/div>\n\t\t<div class=\"elementor-element elementor-element-22df328 e-flex e-con-boxed e-con e-parent\" data-id=\"22df328\" data-element_type=\"container\" data-settings=\"{&quot;content_width&quot;:&quot;boxed&quot;}\" data-core-v316-plus=\"true\">\n\t\t\t\t\t<div class=\"e-con-inner\">\n\t\t<div class=\"elementor-element elementor-element-3b58830 jedv-enabled--yes e-flex e-con-boxed e-con e-child\" data-id=\"3b58830\" data-element_type=\"container\" data-settings=\"{&quot;content_width&quot;:&quot;boxed&quot;}\">\n\t\t\t\t\t<div class=\"e-con-inner\">\n\t\t\t\t<div class=\"elementor-element elementor-element-1cea756 elementor-widget elementor-widget-text-editor\" data-id=\"1cea756\" data-element_type=\"widget\" data-widget_type=\"text-editor.default\">\n\t\t\t\t<div class=\"elementor-widget-container\">\n\t\t\t\t\t\t\t<p>Pode apresentar a sua den\u00fancia no formul\u00e1rio dispon\u00edvel abaixo.<\/p><p>Caso j\u00e1 tenha apresentado uma den\u00fancia e tenha recebido o c\u00f3digo identificativo, pode consultar o estado da den\u00fancia abaixo do formul\u00e1rio.<\/p>\t\t\t\t\t\t<\/div>\n\t\t\t\t<\/div>\n\t\t\t\t<div class=\"elementor-element elementor-element-0c0237c elementor-widget elementor-widget-jet-form-builder-form\" data-id=\"0c0237c\" data-element_type=\"widget\" data-widget_type=\"jet-form-builder-form.default\">\n\t\t\t\t<div class=\"elementor-widget-container\">\n\t\t\t<link rel='stylesheet' id='wp-block-library-css' href='https:\/\/mfmetalurgica.pt\/canal-de-denuncias\/wp-includes\/css\/dist\/block-library\/style.min.css?ver=6.5.8' media='all' \/>\n<style id=\"jet-form-builder-35-inline-css\"><\/style><form  class=\"jet-form-builder layout-column submit-type-reload\" action=\"https:\/\/mfmetalurgica.pt\/canal-de-denuncias\/wp-json\/wp\/v2\/pages\/90\/?jet_form_builder_submit=submit&amp;method=reload\" method=\"POST\" data-form-id=\"35\" data-layout=\"column\" enctype=\"multipart\/form-data\" novalidate=\"null\"><input type=\"hidden\" id=\"_wpnonce\" name=\"_wpnonce\" value=\"a2e695a3fb\" \/><input type=\"hidden\" name=\"_wp_http_referer\" value=\"\/canal-de-denuncias\/wp-json\/wp\/v2\/pages\/90\" \/>\r\n<input type=\"hidden\" name=\"_jfb_current_render_states[]\" value=\"DEFAULT.STATE\" data-jfb-sync \/><input type=\"hidden\" class=\"jet-form-builder__field hidden-field\" name=\"_jet_engine_booking_form_id\" data-field-name=\"_jet_engine_booking_form_id\" value=\"35\">\n<input type=\"hidden\" class=\"jet-form-builder__field hidden-field\" name=\"_jet_engine_refer\" data-field-name=\"_jet_engine_refer\" value=\"https:\/\/mfmetalurgica.pt\/canal-de-denuncias\/wp-json\/wp\/v2\/pages\/90\/\">\n<input type=\"hidden\" class=\"jet-form-builder__field hidden-field\" name=\"__queried_post_id\" data-field-name=\"__queried_post_id\" value=\"90\">\n<div  class=\"jet-form-builder-row field-type-radio-field wp-block-jet-forms-radio-field\">\n<div class=\"jet-form-builder__label\">\r\n<div class=\"jet-form-builder__label-text\">Pretende identificar-se? <span class=\"jet-form-builder__required\">*<\/span><\/div><\/div><div class=\"jet-form-builder__fields-group checkradio-wrap\" data-jfb-sync><div class=\"jet-form-builder__field-wrap radio-wrap checkradio-wrap\"><label class=\"jet-form-builder__field-label for-radio\">\n<input type=\"radio\" name=\"pretende_identificar_se\" value=\"sim\" data-field-name=\"pretende_identificar_se\"  class=\"jet-form-builder__field radio-field checkradio-field\" required=\"required\"><span>Sim<\/span><\/label><\/div><div class=\"jet-form-builder__field-wrap radio-wrap checkradio-wrap\"><label class=\"jet-form-builder__field-label for-radio\">\n<input type=\"radio\" name=\"pretende_identificar_se\" value=\"nao\" data-field-name=\"pretende_identificar_se\"  class=\"jet-form-builder__field radio-field checkradio-field\" required=\"required\"><span>N\u00e3o<\/span><\/label><\/div><\/div>\n<\/div>\n\n\n<div class=\"wp-block-columns is-layout-flex wp-container-core-columns-is-layout-1 wp-block-columns-is-layout-flex\">\n<div class=\"wp-block-column is-layout-flow wp-block-column-is-layout-flow\"><div class=\"jet-form-builder__conditional \" data-jfb-conditional=\"[{&quot;operator&quot;:&quot;equal&quot;,&quot;value&quot;:&quot;sim&quot;,&quot;field&quot;:&quot;pretende_identificar_se&quot;,&quot;use_preset&quot;:false}]\" data-jfb-func=\"show\">\n<div  class=\"jet-form-builder-row field-type-text-field\" >\n<div class=\"jet-form-builder__label\">\r\n<div class=\"jet-form-builder__label-text\">Nome<\/div><\/div><div class=\"jet-form-builder__field-wrap\">\n\t<input name=\"nome\" id=\"nome\" type=\"text\" data-field-name=\"nome\" class=\"jet-form-builder__field text-field\" data-jfb-sync=\"null\">\n<\/div>\n<\/div>\n<\/div>\n\n<div  class=\"jet-form-builder-row field-type-text-field\" >\n<div class=\"jet-form-builder__label\">\r\n<div class=\"jet-form-builder__label-text\">Email<\/div><\/div><div class=\"jet-form-builder__field-wrap\">\n\t<input name=\"email\" id=\"email\" type=\"email\" data-field-name=\"email\" class=\"jet-form-builder__field text-field\" data-jfb-sync=\"null\">\n<\/div>\n<\/div>\n\n<div  class=\"jet-form-builder-row field-type-text-field\" >\n<div class=\"jet-form-builder__label\">\r\n<div class=\"jet-form-builder__label-text\">Utilizador<\/div><\/div><div class=\"jet-form-builder__field-wrap\">\n\t<input name=\"utilizador\" id=\"utilizador\" type=\"text\" data-field-name=\"utilizador\" class=\"jet-form-builder__field text-field\" data-jfb-sync=\"null\">\n<\/div>\n<\/div><\/div>\n\n\n\n<div class=\"wp-block-column is-layout-flow wp-block-column-is-layout-flow\"><div  class=\"jet-form-builder-row field-type-text-field\" >\n<div class=\"jet-form-builder__label\">\r\n<div class=\"jet-form-builder__label-text\">Senha<\/div><\/div><div class=\"jet-form-builder__field-wrap\">\n\t<input name=\"senha\" id=\"senha\" type=\"password\" data-field-name=\"senha\" class=\"jet-form-builder__field text-field\" data-jfb-sync=\"null\">\n<\/div>\n<\/div>\n\n<div  class=\"jet-form-builder-row field-type-text-field\" >\n<div class=\"jet-form-builder__label\">\r\n<div class=\"jet-form-builder__label-text\">Confirma Senha<\/div><\/div><div class=\"jet-form-builder__field-wrap\">\n\t<input name=\"confirma_senha\" id=\"confirma_senha\" type=\"password\" data-field-name=\"confirma_senha\" class=\"jet-form-builder__field text-field\" data-jfb-sync=\"null\">\n<\/div>\n<\/div><\/div>\n<\/div>\n\n\n<div  class=\"jet-form-builder-row field-type-heading-field\" >\n<div class=\"jet-form-builder__heading\">\r\n<div class=\"jet-form-builder__label-text\">Para poder ser notificado sobre o tratamento da den\u00fancia, dever\u00e1 preencher um endere\u00e7o de email (ou adicione um email qualquer), mas o cadastro e obrigat\u00f3rio para acompanhar a den\u00fancia (N\u00e3o precisa usar dados verdadeiros).<\/div><\/div>\n<\/div>\n\n<div  class=\"jet-form-builder-row field-type-submit-field\" >\n\t<div data-type=\"submit\" class=\"jet-form-builder__action-button-wrapper jet-form-builder__submit-wrap\">\n\t<button class=\"jet-form-builder__action-button jet-form-builder__submit submit-type-reload\" type=\"submit\">Preencher Den\u00fancia<\/button>\n\t<\/div>\n\t\n<\/div>\t<div class=\"jet-form-builder-messages-wrap\" data-form-id=\"35\"><\/div>\n<\/form>\n\t\t<\/div>\n\t\t\t\t<\/div>\n\t\t\t\t\t<\/div>\n\t\t\t\t<\/div>\n\t\t\t\t\t<\/div>\n\t\t\t\t<\/div>\n\t\t\t\t<\/div>\n\t\t","protected":false},"excerpt":{"rendered":"<p>Canal de Den\u00fancias Submeter e consultar den\u00fancias Pode apresentar a sua den\u00fancia no formul\u00e1rio dispon\u00edvel abaixo. Caso j\u00e1 tenha apresentado uma den\u00fancia e tenha recebido o c\u00f3digo identificativo, pode consultar o estado da den\u00fancia abaixo do formul\u00e1rio. Pretende identificar-se? * Sim N\u00e3o Nome Email Utilizador Senha Confirma Senha Para poder ser notificado sobre o tratamento [&hellip;]<\/p>\n","protected":false},"author":1,"featured_media":0,"parent":0,"menu_order":0,"comment_status":"closed","ping_status":"closed","template":"","meta":{"footnotes":""},"_links":{"self":[{"href":"https:\/\/mfmetalurgica.pt\/canal-de-denuncias\/wp-json\/wp\/v2\/pages\/90"}],"collection":[{"href":"https:\/\/mfmetalurgica.pt\/canal-de-denuncias\/wp-json\/wp\/v2\/pages"}],"about":[{"href":"https:\/\/mfmetalurgica.pt\/canal-de-denuncias\/wp-json\/wp\/v2\/types\/page"}],"author":[{"embeddable":true,"href":"https:\/\/mfmetalurgica.pt\/canal-de-denuncias\/wp-json\/wp\/v2\/users\/1"}],"replies":[{"embeddable":true,"href":"https:\/\/mfmetalurgica.pt\/canal-de-denuncias\/wp-json\/wp\/v2\/comments?post=90"}],"version-history":[{"count":22,"href":"https:\/\/mfmetalurgica.pt\/canal-de-denuncias\/wp-json\/wp\/v2\/pages\/90\/revisions"}],"predecessor-version":[{"id":299,"href":"https:\/\/mfmetalurgica.pt\/canal-de-denuncias\/wp-json\/wp\/v2\/pages\/90\/revisions\/299"}],"wp:attachment":[{"href":"https:\/\/mfmetalurgica.pt\/canal-de-denuncias\/wp-json\/wp\/v2\/media?parent=90"}],"curies":[{"name":"wp","href":"https:\/\/api.w.org\/{rel}","templated":true}]}}